{"id":220,"date":"2014-12-26T10:53:22","date_gmt":"2014-12-26T13:53:22","guid":{"rendered":"http:\/\/mariusn.com\/themes\/reales-wp\/?page_id=220"},"modified":"2016-01-21T15:44:21","modified_gmt":"2016-01-21T18:44:21","slug":"about-us","status":"publish","type":"page","link":"https:\/\/www.cassinopropiedades.com.ar\/nuevo\/about-us\/","title":{"rendered":"Quienes somos"},"content":{"rendered":"<h3>CASSINO propiedades<\/h3>\n<p> acaba de inaugurar sus nuevas oficinas ubicadas en el local contiguo a sus anteriores instalaciones, en la esquina de Av. Francisco Beir\u00f3 y Sanabria del barrio de Villa Devoto.<\/p>\n<blockquote><p>\nCon m\u00e1s de 70 a\u00f1os de historia y permanencia initerrumpida en la zona, el relanzamiento de esta organizaci\u00f3n resulta un verdadero hito para el mercado inmobiliario de la zona.<br \/>\nNuestro staff esta compuesto por un plantel de profesionales, dedicados en forma exclusiva a la b\u00fasqueda de su soluci\u00f3n inmobiliaria.<\/p><\/blockquote>\n<p>Contamos con una selecta gama de herramientas de publicaci\u00f3n de inmuebles: sitios web, publicaciones en diarios de mayor tirada del pa\u00eds, revistas especializadas, diarios zonales, entre otras.<\/p>\n<p>Contamos adem\u00e1s con el respaldo de bancos de primera l\u00ednea e inversores privados para el desarrollo de cr\u00e9ditos hipotecarios.<br \/>\nCASSINO propiedades trabaja para que usted tenga su soluci\u00f3n inmobiliaria, acompa\u00f1ando y asesorando en todo el proceso de b\u00fasqueda y concertaci\u00f3n.<\/p>\n","protected":false},"excerpt":{"rendered":"<p>CASSINO propiedades acaba de inaugurar sus nuevas oficinas ubicadas en el local contiguo a sus anteriores instalaciones, en la esquina de Av. Francisco Beir\u00f3 y Sanabria del barrio de Villa [&hellip;]<\/p>\n","protected":false},"author":1,"featured_media":551,"parent":0,"menu_order":0,"comment_status":"closed","ping_status":"closed","template":"","meta":[],"_links":{"self":[{"href":"https:\/\/www.cassinopropiedades.com.ar\/nuevo\/wp-json\/wp\/v2\/pages\/220"}],"collection":[{"href":"https:\/\/www.cassinopropiedades.com.ar\/nuevo\/wp-json\/wp\/v2\/pages"}],"about":[{"href":"https:\/\/www.cassinopropiedades.com.ar\/nuevo\/wp-json\/wp\/v2\/types\/page"}],"author":[{"embeddable":true,"href":"https:\/\/www.cassinopropiedades.com.ar\/nuevo\/wp-json\/wp\/v2\/users\/1"}],"replies":[{"embeddable":true,"href":"https:\/\/www.cassinopropiedades.com.ar\/nuevo\/wp-json\/wp\/v2\/comments?post=220"}],"version-history":[{"count":3,"href":"https:\/\/www.cassinopropiedades.com.ar\/nuevo\/wp-json\/wp\/v2\/pages\/220\/revisions"}],"predecessor-version":[{"id":1203,"href":"https:\/\/www.cassinopropiedades.com.ar\/nuevo\/wp-json\/wp\/v2\/pages\/220\/revisions\/1203"}],"wp:featuredmedia":[{"embeddable":true,"href":"https:\/\/www.cassinopropiedades.com.ar\/nuevo\/wp-json\/wp\/v2\/media\/551"}],"wp:attachment":[{"href":"https:\/\/www.cassinopropiedades.com.ar\/nuevo\/wp-json\/wp\/v2\/media?parent=220"}],"curies":[{"name":"wp","href":"https:\/\/api.w.org\/{rel}","templated":true}]}}