{"id":626,"date":"2014-11-28T21:17:01","date_gmt":"2014-11-29T00:17:01","guid":{"rendered":"http:\/\/mariusn.com\/themes\/reales-wp\/?page_id=2"},"modified":"2016-01-21T15:48:07","modified_gmt":"2016-01-21T18:48:07","slug":"home","status":"publish","type":"page","link":"https:\/\/www.cassinopropiedades.com.ar\/nuevo\/","title":{"rendered":"Inicio"},"content":{"rendered":"<h2 class=\"osLight centered\">Nuestros Servicios<\/h2><div class=\"row pb40\"><div class=\"col-xs-12 col-sm-6 col-md-3 col-lg-3 s-menu-item\"><a href=\"#\"><span class=\"icon-pointer s-icon\"><\/span><div class=\"s-content\"><h2 class=\"centered s-main osLight\">Encuentra tu lugar<\/h2><h3 class=\"s-sub osLight\">CASSINO Propiedades trabaja para que usted tenga su soluci\u00f3n inmobiliaria, acompa\u00f1ando y asesorando en todo el proceso de b\u00fasqueda y concertaci\u00f3n<\/h3><\/div><\/a><\/div><div class=\"col-xs-12 col-sm-6 col-md-3 col-lg-3 s-menu-item\"><a href=\"#\"><span class=\"icon-users s-icon\"><\/span><div class=\"s-content\"><h2 class=\"centered s-main osLight\">Profesionales disponibles<\/h2><h3 class=\"s-sub osLight\">Ponemos a su disposici\u00f3n profesionales de vasta trayectoria que realizaran sin cargo la tasaci\u00f3n de su propiedad, para que Ud. obtenga el valor real de su bien<\/h3><\/div><\/a><\/div><div class=\"col-xs-12 col-sm-6 col-md-3 col-lg-3 s-menu-item\"><a href=\"#\"><span class=\"icon-home s-icon\"><\/span><div class=\"s-content\"><h2 class=\"centered s-main osLight\">Gestion de alquileres<\/h2><h3 class=\"s-sub osLight\">Contamos con un sistema de Administracion que le permitir\u00e1 a tener un completo seguimiento del Locatario y sus obligaciones<\/h3><\/div><\/a><\/div><div class=\"col-xs-12 col-sm-6 col-md-3 col-lg-3 s-menu-item\"><a href=\"#\"><span class=\"icon-cloud-upload s-icon\"><\/span><div class=\"s-content\"><h2 class=\"centered s-main osLight\">Alcance global<\/h2><h3 class=\"s-sub osLight\">Herramientas de publicaci\u00f3n  de inmuebles: sitios web, publicaciones en diarios de mayor tirada del pa\u00eds, revistas especializadas, diarios zonales, entre otras.<\/h3><\/div><\/a><\/div><\/div>\n<h2 class=\"centered osLight\">Propiedades Recientes<\/h2><div class=\"row pb40\"><div class=\"col-xs-12 col-sm-6 col-md-4 col-lg-4\"><a href=\"https:\/\/www.cassinopropiedades.com.ar\/nuevo\/properties\/prueba\/\" class=\"propWidget-2\"><div class=\"fig\"><img src=\"\" alt=\"prueba\" class=\"scale\" data-scale=\"best-fill\" data-align=\"center\"><img src=\"\" alt=\"prueba\" class=\"blur scale\" data-scale=\"best-fill\" data-align=\"center\"><div class=\"opac\"><\/div><div class=\"priceCap osLight\"><span>$0<\/span><\/div><div class=\"figType\">Venta<\/div><h3 class=\"osLight\">prueba<\/h3><div class=\"address\">Argentina<\/div><\/div><\/a><\/div><div class=\"col-xs-12 col-sm-6 col-md-4 col-lg-4\"><a href=\"https:\/\/www.cassinopropiedades.com.ar\/nuevo\/properties\/quevedo-3520-2\/\" class=\"propWidget-2\"><div class=\"fig\"><img src=\"\" alt=\"Quevedo 3520\" class=\"scale\" data-scale=\"best-fill\" data-align=\"center\"><img src=\"\" alt=\"Quevedo 3520\" class=\"blur scale\" data-scale=\"best-fill\" data-align=\"center\"><div class=\"opac\"><\/div><div class=\"priceCap osLight\"><span>$360,000<\/span><\/div><div class=\"figType\">Venta<\/div><h3 class=\"osLight\">Quevedo 3520<\/h3><div class=\"address\">Quevedo 3520, Argentina<\/div><\/div><\/a><\/div><div class=\"col-xs-12 col-sm-6 col-md-4 col-lg-4\"><a href=\"https:\/\/www.cassinopropiedades.com.ar\/nuevo\/properties\/navarro-3378\/\" class=\"propWidget-2\"><div class=\"fig\"><img src=\"https:\/\/www.cassinopropiedades.com.ar\/nuevo\/wp-content\/uploads\/2016\/05\/Fachada-II.jpg\" alt=\"Navarro 3378\" class=\"scale\" data-scale=\"best-fill\" data-align=\"center\"><img src=\"https:\/\/www.cassinopropiedades.com.ar\/nuevo\/wp-content\/uploads\/2016\/05\/Fachada-II.jpg\" alt=\"Navarro 3378\" class=\"blur scale\" data-scale=\"best-fill\" data-align=\"center\"><div class=\"opac\"><\/div><div class=\"priceCap osLight\"><span>$425,000<\/span><\/div><div class=\"figType\">Venta<\/div><h3 class=\"osLight\">Navarro 3378<\/h3><div class=\"address\">Navarro 3378, Buenos Aires, Argentina<\/div><\/div><\/a><\/div><\/div>\n<h2 class=\"centered osLight\">Propiedades Destacadas<\/h2><div class=\"row pb40\"><div class=\"col-xs-12 col-sm-6 col-md-4 col-lg-4\"><a href=\"https:\/\/www.cassinopropiedades.com.ar\/nuevo\/properties\/quevedo-3520-2\/\" class=\"propWidget-2\"><div class=\"fig\"><img src=\"\" alt=\"Quevedo 3520\" class=\"scale\" data-scale=\"best-fill\" data-align=\"center\"><img src=\"\" alt=\"Quevedo 3520\" class=\"blur scale\" data-scale=\"best-fill\" data-align=\"center\"><div class=\"opac\"><\/div><div class=\"priceCap osLight\"><span>$360,000<\/span><\/div><div class=\"figType\">Venta<\/div><h3 class=\"osLight\">Quevedo 3520<\/h3><div class=\"address\">Quevedo 3520, Argentina<\/div><\/div><\/a><\/div><div class=\"col-xs-12 col-sm-6 col-md-4 col-lg-4\"><a href=\"https:\/\/www.cassinopropiedades.com.ar\/nuevo\/properties\/navarro-3378\/\" class=\"propWidget-2\"><div class=\"fig\"><img src=\"https:\/\/www.cassinopropiedades.com.ar\/nuevo\/wp-content\/uploads\/2016\/05\/Fachada-II.jpg\" alt=\"Navarro 3378\" class=\"scale\" data-scale=\"best-fill\" data-align=\"center\"><img src=\"https:\/\/www.cassinopropiedades.com.ar\/nuevo\/wp-content\/uploads\/2016\/05\/Fachada-II.jpg\" alt=\"Navarro 3378\" class=\"blur scale\" data-scale=\"best-fill\" data-align=\"center\"><div class=\"opac\"><\/div><div class=\"priceCap osLight\"><span>$425,000<\/span><\/div><div class=\"figType\">Venta<\/div><h3 class=\"osLight\">Navarro 3378<\/h3><div class=\"address\">Navarro 3378, Buenos Aires, Argentina<\/div><\/div><\/a><\/div><\/div>\n<h2 class=\"centered osLight\">Nuestro Staff<\/h2><div class=\"row pb40\"><div class=\"col-xs-12 col-sm-6 col-md-3 col-lg-3\"><div class=\"agent\"><a href=\"https:\/\/www.cassinopropiedades.com.ar\/nuevo\/agents\/1181\/\" class=\"agent-avatar\"><img src=\"https:\/\/www.cassinopropiedades.com.ar\/nuevo\/wp-content\/uploads\/2016\/01\/Pablo-Salih-3-e1453393537104.jpg\" alt=\"Pablo Salih\"><div class=\"ring\"><\/div><\/a><div class=\"agent-name osLight\">Pablo Salih<\/div><div class=\"agent-contact\"><a href=\"https:\/\/www.cassinopropiedades.com.ar\/nuevo\/agents\/1181\/\" class=\"btn btn-sm btn-icon btn-round btn-o btn-green\"><span class=\"fa fa-link\"><\/span><\/a> <\/div><\/div><\/div><div class=\"col-xs-12 col-sm-6 col-md-3 col-lg-3\"><div class=\"agent\"><a href=\"https:\/\/www.cassinopropiedades.com.ar\/nuevo\/agents\/jesus-asan\/\" class=\"agent-avatar\"><img src=\"https:\/\/www.cassinopropiedades.com.ar\/nuevo\/wp-content\/uploads\/2016\/01\/Jes\u00fas-Asan-2-e1453393362908.jpg\" alt=\"Jes\u00fas Asan\"><div class=\"ring\"><\/div><\/a><div class=\"agent-name osLight\">Jes\u00fas Asan<\/div><div class=\"agent-contact\"><a href=\"https:\/\/www.cassinopropiedades.com.ar\/nuevo\/agents\/jesus-asan\/\" class=\"btn btn-sm btn-icon btn-round btn-o btn-green\"><span class=\"fa fa-link\"><\/span><\/a> <\/div><\/div><\/div><div class=\"col-xs-12 col-sm-6 col-md-3 col-lg-3\"><div class=\"agent\"><a href=\"https:\/\/www.cassinopropiedades.com.ar\/nuevo\/agents\/ana-maria-pelagalli\/\" class=\"agent-avatar\"><img src=\"https:\/\/www.cassinopropiedades.com.ar\/nuevo\/wp-content\/uploads\/2016\/01\/Ana-Mar\u00eda-Pelagalli-2-e1453393470219.jpg\" alt=\"Ana Mar\u00eda Pelagalli\"><div class=\"ring\"><\/div><\/a><div class=\"agent-name osLight\">Ana Mar\u00eda Pelagalli<\/div><div class=\"agent-contact\"><a href=\"https:\/\/www.cassinopropiedades.com.ar\/nuevo\/agents\/ana-maria-pelagalli\/\" class=\"btn btn-sm btn-icon btn-round btn-o btn-green\"><span class=\"fa fa-link\"><\/span><\/a> <\/div><\/div><\/div><div class=\"col-xs-12 col-sm-6 col-md-3 col-lg-3\"><div class=\"agent\"><a href=\"https:\/\/www.cassinopropiedades.com.ar\/nuevo\/agents\/amado-ismail\/\" class=\"agent-avatar\"><img src=\"https:\/\/www.cassinopropiedades.com.ar\/nuevo\/wp-content\/uploads\/2016\/01\/Amado-Ismail-3-e1453393423233.jpg\" alt=\"Amado Ismail\"><div class=\"ring\"><\/div><\/a><div class=\"agent-name osLight\">Amado Ismail<\/div><div class=\"agent-contact\"><a href=\"https:\/\/www.cassinopropiedades.com.ar\/nuevo\/agents\/amado-ismail\/\" class=\"btn btn-sm btn-icon btn-round btn-o btn-green\"><span class=\"fa fa-link\"><\/span><\/a> <\/div><\/div><\/div><\/div>\n","protected":false},"excerpt":{"rendered":"","protected":false},"author":1,"featured_media":0,"parent":0,"menu_order":0,"comment_status":"closed","ping_status":"closed","template":"fullwidth.php","meta":[],"_links":{"self":[{"href":"https:\/\/www.cassinopropiedades.com.ar\/nuevo\/wp-json\/wp\/v2\/pages\/626"}],"collection":[{"href":"https:\/\/www.cassinopropiedades.com.ar\/nuevo\/wp-json\/wp\/v2\/pages"}],"about":[{"href":"https:\/\/www.cassinopropiedades.com.ar\/nuevo\/wp-json\/wp\/v2\/types\/page"}],"author":[{"embeddable":true,"href":"https:\/\/www.cassinopropiedades.com.ar\/nuevo\/wp-json\/wp\/v2\/users\/1"}],"replies":[{"embeddable":true,"href":"https:\/\/www.cassinopropiedades.com.ar\/nuevo\/wp-json\/wp\/v2\/comments?post=626"}],"version-history":[{"count":36,"href":"https:\/\/www.cassinopropiedades.com.ar\/nuevo\/wp-json\/wp\/v2\/pages\/626\/revisions"}],"predecessor-version":[{"id":1204,"href":"https:\/\/www.cassinopropiedades.com.ar\/nuevo\/wp-json\/wp\/v2\/pages\/626\/revisions\/1204"}],"wp:attachment":[{"href":"https:\/\/www.cassinopropiedades.com.ar\/nuevo\/wp-json\/wp\/v2\/media?parent=626"}],"curies":[{"name":"wp","href":"https:\/\/api.w.org\/{rel}","templated":true}]}}